{"id":1364,"date":"2025-12-09T22:31:51","date_gmt":"2025-12-09T21:31:51","guid":{"rendered":"http:\/\/bo-wigger.de\/?page_id=1364"},"modified":"2026-01-07T12:05:45","modified_gmt":"2026-01-07T11:05:45","slug":"info","status":"publish","type":"page","link":"https:\/\/bo-wigger.de\/index.php\/info\/","title":{"rendered":"Info"},"content":{"rendered":"\t\t<div data-elementor-type=\"wp-post\" data-elementor-id=\"1364\" class=\"elementor elementor-1364\">\n\t\t\t\t<div class=\"elementor-element elementor-element-4f96d3f e-flex e-con-boxed e-con e-parent\" data-id=\"4f96d3f\" data-element_type=\"container\" data-e-type=\"container\">\n\t\t\t\t\t<div class=\"e-con-inner\">\n\t\t\t\t<div class=\"elementor-element elementor-element-fe76524 elementor-widget elementor-widget-text-editor\" data-id=\"fe76524\" data-element_type=\"widget\" data-e-type=\"widget\" data-widget_type=\"text-editor.default\">\n\t\t\t\t\t\t\t\t\t<p style=\"text-align: left;\">Info<\/p>\t\t\t\t\t\t\t\t<\/div>\n\t\t\t\t\t<\/div>\n\t\t\t\t<\/div>\n\t\t<div class=\"elementor-element elementor-element-5124578 e-flex e-con-boxed e-con e-parent\" data-id=\"5124578\" data-element_type=\"container\" data-e-type=\"container\">\n\t\t\t\t\t<div class=\"e-con-inner\">\n\t\t\t\t<div class=\"elementor-element elementor-element-c1fb672 elementor-widget__width-initial elementor-widget elementor-widget-text-editor\" data-id=\"c1fb672\" data-element_type=\"widget\" data-e-type=\"widget\" data-widget_type=\"text-editor.default\">\n\t\t\t\t\t\t\t\t\t<p style=\"text-align: center;\"><span style=\"color: #ff8000; font-family: Georgia, Times New Roman, Times, serif; font-size: large;\"><b><span style=\"color: #000000; font-size: xx-large;\">Bo Wigger<\/span><\/b><\/span><\/p><p style=\"text-align: center;\"><span style=\"color: #ff0000; font-family: Georgia, Times New Roman, Times, serif; font-size: medium;\">(Gesang, pq, Akustik-\/E-gitarre, Piano)<\/span><span style=\"color: #ff0000; font-family: Georgia, Times New Roman, Times, serif; font-size: medium;\">\u00a0<\/span><\/p>\t\t\t\t\t\t\t\t<\/div>\n\t\t\t\t\t<\/div>\n\t\t\t\t<\/div>\n\t\t<div class=\"elementor-element elementor-element-f7e3493 e-flex e-con-boxed e-con e-parent\" data-id=\"f7e3493\" data-element_type=\"container\" data-e-type=\"container\">\n\t\t\t\t\t<div class=\"e-con-inner\">\n\t\t\t\t<div class=\"elementor-element elementor-element-86b29b5 elementor-button-warning elementor-align-center elementor-widget elementor-widget-button\" data-id=\"86b29b5\" data-element_type=\"widget\" data-e-type=\"widget\" data-widget_type=\"button.default\">\n\t\t\t\t\t\t\t\t\t\t<a class=\"elementor-button elementor-button-link elementor-size-sm\" href=\"https:\/\/bo-wigger.de\/index.php\/bo-wigger-repertoire\/\">\n\t\t\t\t\t\t<span class=\"elementor-button-content-wrapper\">\n\t\t\t\t\t\t\t\t\t<span class=\"elementor-button-text\">Hier klicken f\u00fcr Infotext<\/span>\n\t\t\t\t\t<\/span>\n\t\t\t\t\t<\/a>\n\t\t\t\t\t\t\t\t<\/div>\n\t\t\t\t\t<\/div>\n\t\t\t\t<\/div>\n\t\t<div class=\"elementor-element elementor-element-147d91b e-flex e-con-boxed e-con e-parent\" data-id=\"147d91b\" data-element_type=\"container\" data-e-type=\"container\">\n\t\t\t\t\t<div class=\"e-con-inner\">\n\t\t\t\t<div class=\"elementor-element elementor-element-bbde18c elementor-widget__width-inherit elementor-widget elementor-widget-image\" data-id=\"bbde18c\" data-element_type=\"widget\" data-e-type=\"widget\" data-widget_type=\"image.default\">\n\t\t\t\t\t\t\t\t\t\t\t\t\t\t\t<img fetchpriority=\"high\" decoding=\"async\" width=\"300\" height=\"263\" src=\"https:\/\/bo-wigger.de\/wp-content\/uploads\/2025\/12\/P1000367-Info-Bo-Wigger-300x263.jpg\" class=\"attachment-medium size-medium wp-image-453\" alt=\"ttt\" srcset=\"https:\/\/bo-wigger.de\/wp-content\/uploads\/2025\/12\/P1000367-Info-Bo-Wigger-300x263.jpg 300w, https:\/\/bo-wigger.de\/wp-content\/uploads\/2025\/12\/P1000367-Info-Bo-Wigger-1024x899.jpg 1024w, https:\/\/bo-wigger.de\/wp-content\/uploads\/2025\/12\/P1000367-Info-Bo-Wigger-768x674.jpg 768w, https:\/\/bo-wigger.de\/wp-content\/uploads\/2025\/12\/P1000367-Info-Bo-Wigger-1536x1348.jpg 1536w, https:\/\/bo-wigger.de\/wp-content\/uploads\/2025\/12\/P1000367-Info-Bo-Wigger-2048x1798.jpg 2048w\" sizes=\"(max-width: 300px) 100vw, 300px\" \/>\t\t\t\t\t\t\t\t\t\t\t\t\t\t\t<\/div>\n\t\t\t\t\t<\/div>\n\t\t\t\t<\/div>\n\t\t<div class=\"elementor-element elementor-element-4554129 e-flex e-con-boxed e-con e-parent\" data-id=\"4554129\" data-element_type=\"container\" data-e-type=\"container\">\n\t\t\t\t\t<div class=\"e-con-inner\">\n\t\t<div class=\"elementor-element elementor-element-9a3ec34 e-con-full e-flex e-con e-child\" data-id=\"9a3ec34\" data-element_type=\"container\" data-e-type=\"container\">\n\t\t\t\t<div class=\"elementor-element elementor-element-641155d elementor-widget elementor-widget-text-editor\" data-id=\"641155d\" data-element_type=\"widget\" data-e-type=\"widget\" data-widget_type=\"text-editor.default\">\n\t\t\t\t\t\t\t\t\t<p style=\"text-align: center;\"><span style=\"font-size: x-large;\"><b> Bo &amp; Winni<\/b><\/span><\/p>\t\t\t\t\t\t\t\t<\/div>\n\t\t\t\t<div class=\"elementor-element elementor-element-af1e7a4 elementor-button-warning elementor-align-center elementor-widget elementor-widget-button\" data-id=\"af1e7a4\" data-element_type=\"widget\" data-e-type=\"widget\" data-widget_type=\"button.default\">\n\t\t\t\t\t\t\t\t\t\t<a class=\"elementor-button elementor-button-link elementor-size-sm\" href=\"https:\/\/bo-wigger.de\/index.php\/bo-und-winni-repertoire\/\">\n\t\t\t\t\t\t<span class=\"elementor-button-content-wrapper\">\n\t\t\t\t\t\t\t\t\t<span class=\"elementor-button-text\">Hier klicken f\u00fcr Infotext<\/span>\n\t\t\t\t\t<\/span>\n\t\t\t\t\t<\/a>\n\t\t\t\t\t\t\t\t<\/div>\n\t\t\t\t<div class=\"elementor-element elementor-element-0479fa3 elementor-widget elementor-widget-image\" data-id=\"0479fa3\" data-element_type=\"widget\" data-e-type=\"widget\" data-widget_type=\"image.default\">\n\t\t\t\t\t\t\t\t\t\t\t\t\t\t\t<img decoding=\"async\" width=\"240\" height=\"283\" src=\"https:\/\/bo-wigger.de\/wp-content\/uploads\/2025\/12\/plakat-neutral.jpg\" class=\"attachment-large size-large wp-image-462\" alt=\"\" \/>\t\t\t\t\t\t\t\t\t\t\t\t\t\t\t<\/div>\n\t\t\t\t<\/div>\n\t\t<div class=\"elementor-element elementor-element-facef04 e-con-full e-flex e-con e-child\" data-id=\"facef04\" data-element_type=\"container\" data-e-type=\"container\">\n\t\t\t\t<div class=\"elementor-element elementor-element-cb57ed9 elementor-widget elementor-widget-text-editor\" data-id=\"cb57ed9\" data-element_type=\"widget\" data-e-type=\"widget\" data-widget_type=\"text-editor.default\">\n\t\t\t\t\t\t\t\t\t<p>Ein vielseitiger Musiker aus dem Bergischen Land (bei K\u00f6ln). Dort hatte er bereits in seiner Jugendzeit zahleiche Auftritte. Als alter Freund des Reisens in viele L\u00e4nder entwickelte er eine Vorliebe f\u00fcr Roadsongs, die seine eigenen Songs beeinflusste.<br \/>Zu seinem Repertoire z\u00e4hlen auch eigene Versionen verschiedenster Blues- und Folksongs. Zahlreiche Auftritte im In- und Ausland pr\u00e4gten seinen musikalischen Weg. Au\u00dfer seinem Soloprojekt gibt es noch zwei Duos und zwei Bands.<br \/>Die verschiedenen musikalischen Bereiche sind unter dem Stichpunkt Programme ersichtlich.<\/p>\t\t\t\t\t\t\t\t<\/div>\n\t\t\t\t<\/div>\n\t\t<div class=\"elementor-element elementor-element-0b10d4d e-con-full e-flex e-con e-child\" data-id=\"0b10d4d\" data-element_type=\"container\" data-e-type=\"container\">\n\t\t\t\t<div class=\"elementor-element elementor-element-1a98cc4 elementor-widget elementor-widget-text-editor\" data-id=\"1a98cc4\" data-element_type=\"widget\" data-e-type=\"widget\" data-widget_type=\"text-editor.default\">\n\t\t\t\t\t\t\t\t\t<p style=\"text-align: center;\"><b><span style=\"font-size: x-large;\">Bo &amp; Chris<\/span><\/b><\/p>\t\t\t\t\t\t\t\t<\/div>\n\t\t\t\t<div class=\"elementor-element elementor-element-8ab82cd elementor-button-warning elementor-align-center elementor-widget elementor-widget-button\" data-id=\"8ab82cd\" data-element_type=\"widget\" data-e-type=\"widget\" data-widget_type=\"button.default\">\n\t\t\t\t\t\t\t\t\t\t<a class=\"elementor-button elementor-button-link elementor-size-sm\" href=\"https:\/\/bo-wigger.de\/index.php\/bo-und-chris-repertoire\/\">\n\t\t\t\t\t\t<span class=\"elementor-button-content-wrapper\">\n\t\t\t\t\t\t\t\t\t<span class=\"elementor-button-text\">Hier klicken f\u00fcr Infotext<\/span>\n\t\t\t\t\t<\/span>\n\t\t\t\t\t<\/a>\n\t\t\t\t\t\t\t\t<\/div>\n\t\t\t\t<div class=\"elementor-element elementor-element-44bbba6 elementor-widget elementor-widget-image\" data-id=\"44bbba6\" data-element_type=\"widget\" data-e-type=\"widget\" data-widget_type=\"image.default\">\n\t\t\t\t\t\t\t\t\t\t\t\t\t\t\t<img decoding=\"async\" width=\"217\" height=\"220\" src=\"https:\/\/bo-wigger.de\/wp-content\/uploads\/2025\/12\/270038500_104940062064079_8700330196772968007_n.jpg\" class=\"attachment-large size-large wp-image-415\" alt=\"\" \/>\t\t\t\t\t\t\t\t\t\t\t\t\t\t\t<\/div>\n\t\t\t\t<\/div>\n\t\t\t\t\t<\/div>\n\t\t\t\t<\/div>\n\t\t<div class=\"elementor-element elementor-element-e7010cd e-flex e-con-boxed e-con e-parent\" data-id=\"e7010cd\" data-element_type=\"container\" data-e-type=\"container\">\n\t\t\t\t\t<div class=\"e-con-inner\">\n\t\t<div class=\"elementor-element elementor-element-2a1f756 e-con-full e-flex e-con e-child\" data-id=\"2a1f756\" data-element_type=\"container\" data-e-type=\"container\">\n\t\t\t\t<div class=\"elementor-element elementor-element-10c9d18 elementor-widget elementor-widget-text-editor\" data-id=\"10c9d18\" data-element_type=\"widget\" data-e-type=\"widget\" data-widget_type=\"text-editor.default\">\n\t\t\t\t\t\t\t\t\t<p style=\"text-align: center;\"><b><span style=\"font-size: x-large;\">RockCube<\/span><\/b><\/p>\t\t\t\t\t\t\t\t<\/div>\n\t\t\t\t<div class=\"elementor-element elementor-element-fe77781 elementor-button-warning elementor-align-center elementor-widget elementor-widget-button\" data-id=\"fe77781\" data-element_type=\"widget\" data-e-type=\"widget\" data-widget_type=\"button.default\">\n\t\t\t\t\t\t\t\t\t\t<a class=\"elementor-button elementor-button-link elementor-size-sm\" href=\"https:\/\/bo-wigger.de\/index.php\/rockcube-repertoire\/\">\n\t\t\t\t\t\t<span class=\"elementor-button-content-wrapper\">\n\t\t\t\t\t\t\t\t\t<span class=\"elementor-button-text\">Hier klicken f\u00fcr Infotext<\/span>\n\t\t\t\t\t<\/span>\n\t\t\t\t\t<\/a>\n\t\t\t\t\t\t\t\t<\/div>\n\t\t\t\t<div class=\"elementor-element elementor-element-832ed2a elementor-widget elementor-widget-image\" data-id=\"832ed2a\" data-element_type=\"widget\" data-e-type=\"widget\" data-widget_type=\"image.default\">\n\t\t\t\t\t\t\t\t\t\t\t\t\t\t\t<img loading=\"lazy\" decoding=\"async\" width=\"800\" height=\"450\" src=\"https:\/\/bo-wigger.de\/wp-content\/uploads\/2025\/12\/RockCube-1024x576.jpg\" class=\"attachment-large size-large wp-image-465\" alt=\"\" srcset=\"https:\/\/bo-wigger.de\/wp-content\/uploads\/2025\/12\/RockCube-1024x576.jpg 1024w, https:\/\/bo-wigger.de\/wp-content\/uploads\/2025\/12\/RockCube-300x169.jpg 300w, https:\/\/bo-wigger.de\/wp-content\/uploads\/2025\/12\/RockCube-768x432.jpg 768w, https:\/\/bo-wigger.de\/wp-content\/uploads\/2025\/12\/RockCube-1536x864.jpg 1536w, https:\/\/bo-wigger.de\/wp-content\/uploads\/2025\/12\/RockCube-2048x1152.jpg 2048w, https:\/\/bo-wigger.de\/wp-content\/uploads\/2025\/12\/RockCube-800x450.jpg 800w\" sizes=\"(max-width: 800px) 100vw, 800px\" \/>\t\t\t\t\t\t\t\t\t\t\t\t\t\t\t<\/div>\n\t\t\t\t<\/div>\n\t\t<div class=\"elementor-element elementor-element-6f1cafe e-con-full e-flex e-con e-child\" data-id=\"6f1cafe\" data-element_type=\"container\" data-e-type=\"container\">\n\t\t\t\t<\/div>\n\t\t<div class=\"elementor-element elementor-element-545a546 e-con-full e-flex e-con e-child\" data-id=\"545a546\" data-element_type=\"container\" data-e-type=\"container\">\n\t\t\t\t<div class=\"elementor-element elementor-element-9322845 elementor-widget elementor-widget-text-editor\" data-id=\"9322845\" data-element_type=\"widget\" data-e-type=\"widget\" data-widget_type=\"text-editor.default\">\n\t\t\t\t\t\t\t\t\t<p style=\"text-align: center;\"><b><span style=\"font-size: x-large;\">Varied Troup<\/span><\/b><\/p>\t\t\t\t\t\t\t\t<\/div>\n\t\t\t\t<div class=\"elementor-element elementor-element-db099b5 elementor-button-warning elementor-align-center elementor-widget elementor-widget-button\" data-id=\"db099b5\" data-element_type=\"widget\" data-e-type=\"widget\" data-widget_type=\"button.default\">\n\t\t\t\t\t\t\t\t\t\t<a class=\"elementor-button elementor-button-link elementor-size-sm\" href=\"https:\/\/bo-wigger.de\/index.php\/varied-troup-repertoire\/\">\n\t\t\t\t\t\t<span class=\"elementor-button-content-wrapper\">\n\t\t\t\t\t\t\t\t\t<span class=\"elementor-button-text\">Hier klicken f\u00fcr Infotext<\/span>\n\t\t\t\t\t<\/span>\n\t\t\t\t\t<\/a>\n\t\t\t\t\t\t\t\t<\/div>\n\t\t\t\t<div class=\"elementor-element elementor-element-5ff8e13 elementor-widget elementor-widget-image\" data-id=\"5ff8e13\" data-element_type=\"widget\" data-e-type=\"widget\" data-widget_type=\"image.default\">\n\t\t\t\t\t\t\t\t\t\t\t\t\t\t\t<img loading=\"lazy\" decoding=\"async\" width=\"260\" height=\"195\" src=\"https:\/\/bo-wigger.de\/wp-content\/uploads\/2025\/12\/280180244_147384141153004_4292699172673773115_n.jpg\" class=\"attachment-large size-large wp-image-416\" alt=\"\" \/>\t\t\t\t\t\t\t\t\t\t\t\t\t\t\t<\/div>\n\t\t\t\t<\/div>\n\t\t\t\t\t<\/div>\n\t\t\t\t<\/div>\n\t\t\t\t<\/div>\n\t\t","protected":false},"excerpt":{"rendered":"<p>Info Bo Wigger (Gesang, pq, Akustik-\/E-gitarre, Piano)\u00a0 Hier klicken f\u00fcr Infotext Bo &amp; Winni Hier klicken f\u00fcr Infotext Ein vielseitiger Musiker aus dem Bergischen Land (bei K\u00f6ln). Dort hatte er bereits in seiner Jugendzeit zahleiche Auftritte. Als alter Freund des Reisens in viele L\u00e4nder entwickelte er eine Vorliebe f\u00fcr Roadsongs, die seine eigenen Songs beeinflusste.Zu [&hellip;]<\/p>\n","protected":false},"author":1,"featured_media":0,"parent":0,"menu_order":0,"comment_status":"closed","ping_status":"closed","template":"","meta":{"footnotes":""},"class_list":["post-1364","page","type-page","status-publish","hentry"],"_links":{"self":[{"href":"https:\/\/bo-wigger.de\/index.php\/wp-json\/wp\/v2\/pages\/1364","targetHints":{"allow":["GET"]}}],"collection":[{"href":"https:\/\/bo-wigger.de\/index.php\/wp-json\/wp\/v2\/pages"}],"about":[{"href":"https:\/\/bo-wigger.de\/index.php\/wp-json\/wp\/v2\/types\/page"}],"author":[{"embeddable":true,"href":"https:\/\/bo-wigger.de\/index.php\/wp-json\/wp\/v2\/users\/1"}],"replies":[{"embeddable":true,"href":"https:\/\/bo-wigger.de\/index.php\/wp-json\/wp\/v2\/comments?post=1364"}],"version-history":[{"count":277,"href":"https:\/\/bo-wigger.de\/index.php\/wp-json\/wp\/v2\/pages\/1364\/revisions"}],"predecessor-version":[{"id":3099,"href":"https:\/\/bo-wigger.de\/index.php\/wp-json\/wp\/v2\/pages\/1364\/revisions\/3099"}],"wp:attachment":[{"href":"https:\/\/bo-wigger.de\/index.php\/wp-json\/wp\/v2\/media?parent=1364"}],"curies":[{"name":"wp","href":"https:\/\/api.w.org\/{rel}","templated":true}]}}