{"id":2129,"date":"2025-12-16T05:58:34","date_gmt":"2025-12-16T04:58:34","guid":{"rendered":"http:\/\/bo-wigger.de\/?page_id=2129"},"modified":"2025-12-22T06:38:55","modified_gmt":"2025-12-22T05:38:55","slug":"bo-und-chris-repertoire","status":"publish","type":"page","link":"https:\/\/bo-wigger.de\/index.php\/bo-und-chris-repertoire\/","title":{"rendered":"Bo und Chris &#8211; Repertoire"},"content":{"rendered":"\t\t<div data-elementor-type=\"wp-post\" data-elementor-id=\"2129\" class=\"elementor elementor-2129\">\n\t\t\t\t<div class=\"elementor-element elementor-element-64b8d84 e-flex e-con-boxed e-con e-parent\" data-id=\"64b8d84\" data-element_type=\"container\" data-e-type=\"container\">\n\t\t\t\t\t<div class=\"e-con-inner\">\n\t\t\t\t<div class=\"elementor-element elementor-element-e56a1a9 elementor-widget elementor-widget-text-editor\" data-id=\"e56a1a9\" data-element_type=\"widget\" data-e-type=\"widget\" data-widget_type=\"text-editor.default\">\n\t\t\t\t\t\t\t\t\t<p>Bo &amp; Chris (Duo)<\/p>\t\t\t\t\t\t\t\t<\/div>\n\t\t\t\t\t<\/div>\n\t\t\t\t<\/div>\n\t\t<div class=\"elementor-element elementor-element-2e8e36c e-grid e-con-boxed e-con e-parent\" data-id=\"2e8e36c\" data-element_type=\"container\" data-e-type=\"container\">\n\t\t\t\t\t<div class=\"e-con-inner\">\n\t\t\t\t<div class=\"elementor-element elementor-element-284d045 elementor-widget elementor-widget-text-editor\" data-id=\"284d045\" data-element_type=\"widget\" data-e-type=\"widget\" data-widget_type=\"text-editor.default\">\n\t\t\t\t\t\t\t\t\t<p><span style=\"color: #0000ff; font-size: x-large;\">Es werden zwei etwas unterschiedliche Konzertschwerpunkte angeboten:<\/span><\/p><p><span style=\"color: #0000ff; font-family: Georgia, Times New Roman, Times, serif; font-size: x-large;\"><b>Programm 1: Singer\/Songwriter<\/b><\/span><\/p><p><span style=\"color: #0000ff; font-family: Georgia, Times New Roman, Times, serif; font-size: x-large;\">Songs der 60er\/70er Jahre von Bob Dylan, Neil Young, Cat Stevens, Leonard Cohen etc., ausgew\u00e4hlte Songs der Beatles, Rolling Stones etc., einige Bluessongs und auch eigene Songs. Dazu werden einige erkl\u00e4rende Anekdoten erz\u00e4hlt. Dieses Programm\u00a0<\/span><span style=\"color: #0000ff; font-family: Georgia, Times New Roman, Times, serif; font-size: x-large;\">kann auch Solo aufgef\u00fchrt werden, wird aber im Duo durch Perkussion erg\u00e4nzt.<\/span><\/p><p>\u00a0<\/p><p><b><span style=\"color: #0000ff; font-family: Georgia, Times New Roman, Times, serif; font-size: x-large;\">Programm 2: Kneipen &amp; Parties<\/span><\/b><\/p><p><span style=\"color: #0000ff; font-family: Georgia, Times New Roman, Times, serif; font-size: x-large;\">Bekannte englische und deutschsprachige Songs\/Lieder zum Mitsingen, Tanzen und Zuh\u00f6ren. Zu diesem Repertoire z\u00e4hlen St\u00fccke von Eric Clapton, John Denver, Bob Marley, Neil Young, CCR, The Beatles, The Rolling Stones, BAP, M.M. Westernhagen,<\/span><span style=\"color: #0000ff; font-family: Georgia, Times New Roman, Times, serif; font-size: x-large;\">\u00a0Achim Reichel, Clueso etc.<\/span><\/p><p>\u00a0<\/p><p><span style=\"color: #0000ff; font-family: Georgia, Times New Roman, Times, serif; font-size: x-large;\"><b>(Burkhard Wigger: Gesang, Gitarren, Mundharmonika)<br \/>(Christian Marr\u00e9: Perkussion)<\/b><\/span><\/p>\t\t\t\t\t\t\t\t<\/div>\n\t\t\t\t<div class=\"elementor-element elementor-element-8154839 elementor-widget elementor-widget-image\" data-id=\"8154839\" data-element_type=\"widget\" data-e-type=\"widget\" data-widget_type=\"image.default\">\n\t\t\t\t\t\t\t\t\t\t\t\t<figure class=\"wp-caption\">\n\t\t\t\t\t\t\t\t\t\t<img decoding=\"async\" width=\"217\" height=\"220\" src=\"https:\/\/bo-wigger.de\/wp-content\/uploads\/2025\/12\/270038500_104940062064079_8700330196772968007_n.jpg\" class=\"attachment-large size-large wp-image-415\" alt=\"\" \/>\t\t\t\t\t\t\t\t\t\t\t<figcaption class=\"widget-image-caption wp-caption-text\">Bo &amp; Chris (Duo)<\/figcaption>\n\t\t\t\t\t\t\t\t\t\t<\/figure>\n\t\t\t\t\t\t\t\t\t<\/div>\n\t\t\t\t\t<\/div>\n\t\t\t\t<\/div>\n\t\t\t\t<\/div>\n\t\t","protected":false},"excerpt":{"rendered":"<p>Bo &amp; Chris (Duo) Es werden zwei etwas unterschiedliche Konzertschwerpunkte angeboten: Programm 1: Singer\/Songwriter Songs der 60er\/70er Jahre von Bob Dylan, Neil Young, Cat Stevens, Leonard Cohen etc., ausgew\u00e4hlte Songs der Beatles, Rolling Stones etc., einige Bluessongs und auch eigene Songs. Dazu werden einige erkl\u00e4rende Anekdoten erz\u00e4hlt. Dieses Programm\u00a0kann auch Solo aufgef\u00fchrt werden, wird aber [&hellip;]<\/p>\n","protected":false},"author":1,"featured_media":0,"parent":0,"menu_order":0,"comment_status":"closed","ping_status":"closed","template":"","meta":{"footnotes":""},"class_list":["post-2129","page","type-page","status-publish","hentry"],"_links":{"self":[{"href":"https:\/\/bo-wigger.de\/index.php\/wp-json\/wp\/v2\/pages\/2129","targetHints":{"allow":["GET"]}}],"collection":[{"href":"https:\/\/bo-wigger.de\/index.php\/wp-json\/wp\/v2\/pages"}],"about":[{"href":"https:\/\/bo-wigger.de\/index.php\/wp-json\/wp\/v2\/types\/page"}],"author":[{"embeddable":true,"href":"https:\/\/bo-wigger.de\/index.php\/wp-json\/wp\/v2\/users\/1"}],"replies":[{"embeddable":true,"href":"https:\/\/bo-wigger.de\/index.php\/wp-json\/wp\/v2\/comments?post=2129"}],"version-history":[{"count":26,"href":"https:\/\/bo-wigger.de\/index.php\/wp-json\/wp\/v2\/pages\/2129\/revisions"}],"predecessor-version":[{"id":2679,"href":"https:\/\/bo-wigger.de\/index.php\/wp-json\/wp\/v2\/pages\/2129\/revisions\/2679"}],"wp:attachment":[{"href":"https:\/\/bo-wigger.de\/index.php\/wp-json\/wp\/v2\/media?parent=2129"}],"curies":[{"name":"wp","href":"https:\/\/api.w.org\/{rel}","templated":true}]}}