{"id":2182,"date":"2025-12-16T06:53:10","date_gmt":"2025-12-16T05:53:10","guid":{"rendered":"http:\/\/bo-wigger.de\/?page_id=2182"},"modified":"2025-12-23T05:08:53","modified_gmt":"2025-12-23T04:08:53","slug":"rockcube-repertoire","status":"publish","type":"page","link":"https:\/\/bo-wigger.de\/index.php\/rockcube-repertoire\/","title":{"rendered":"RockCube &#8211; Repertoire"},"content":{"rendered":"\t\t<div data-elementor-type=\"wp-post\" data-elementor-id=\"2182\" class=\"elementor elementor-2182\">\n\t\t\t\t<div class=\"elementor-element elementor-element-64b8d84 e-flex e-con-boxed e-con e-parent\" data-id=\"64b8d84\" data-element_type=\"container\" data-e-type=\"container\">\n\t\t\t\t\t<div class=\"e-con-inner\">\n\t\t\t\t<div class=\"elementor-element elementor-element-e56a1a9 elementor-widget elementor-widget-text-editor\" data-id=\"e56a1a9\" data-element_type=\"widget\" data-e-type=\"widget\" data-widget_type=\"text-editor.default\">\n\t\t\t\t\t\t\t\t\t<p>RockCube (Band)<\/p>\t\t\t\t\t\t\t\t<\/div>\n\t\t\t\t\t<\/div>\n\t\t\t\t<\/div>\n\t\t<div class=\"elementor-element elementor-element-2e8e36c e-grid e-con-boxed e-con e-parent\" data-id=\"2e8e36c\" data-element_type=\"container\" data-e-type=\"container\">\n\t\t\t\t\t<div class=\"e-con-inner\">\n\t\t\t\t<div class=\"elementor-element elementor-element-284d045 elementor-widget elementor-widget-text-editor\" data-id=\"284d045\" data-element_type=\"widget\" data-e-type=\"widget\" data-widget_type=\"text-editor.default\">\n\t\t\t\t\t\t\t\t\t<p><span style=\"color: #0000ff; font-size: x-large;\"><b>RockCube ist eine Band, die Mitte 2012 von Musikern aus Wipperf\u00fcrth und Umgebung gegr\u00fcndet wurde. Die meisten Musiker verf\u00fcgen \u00fcber jahrelange Auftrittserfahrung, unter anderem auch auf gro\u00dfen B\u00fchnen und im Ausland. Gepr\u00e4gt von der Rock \u00c4ra und Musikern wie Rolling Stones, Hendrix, Clapton, Small Faces usw. war von Anfang an klar, \u00fcberwiegend Classic Rock und Blues der 60er, 70er und 80er Jahre zu spielen. Auch neuere und deutschsprachige Musiktitel von M.M. Westernhagen, BAP, den Toten Hosen, usw. wurden in das Repertoire aufgenommen.<\/b><\/span><\/p><p><b style=\"font-size: x-large;\">\u00a0<\/b><\/p><p><b style=\"font-size: x-large;\">J\u00f6rg Heckersbruch (Schlagzeug), Reinhard Stracke (Bass), <\/b><span style=\"color: #0000ff; font-size: x-large;\"><b>Burkhard Wigger (Gesang, Gitarre), Thomas Kuhlbach (Gitarre), Micky G\u00f6rg (Gitarre)<\/b><\/span><\/p>\t\t\t\t\t\t\t\t<\/div>\n\t\t\t\t<div class=\"elementor-element elementor-element-8154839 elementor-widget elementor-widget-image\" data-id=\"8154839\" data-element_type=\"widget\" data-e-type=\"widget\" data-widget_type=\"image.default\">\n\t\t\t\t\t\t\t\t\t\t\t\t<figure class=\"wp-caption\">\n\t\t\t\t\t\t\t\t\t\t<img fetchpriority=\"high\" decoding=\"async\" width=\"800\" height=\"450\" src=\"https:\/\/bo-wigger.de\/wp-content\/uploads\/2025\/12\/RockCube-1024x576.jpg\" class=\"attachment-large size-large wp-image-465\" alt=\"\" srcset=\"https:\/\/bo-wigger.de\/wp-content\/uploads\/2025\/12\/RockCube-1024x576.jpg 1024w, https:\/\/bo-wigger.de\/wp-content\/uploads\/2025\/12\/RockCube-300x169.jpg 300w, https:\/\/bo-wigger.de\/wp-content\/uploads\/2025\/12\/RockCube-768x432.jpg 768w, https:\/\/bo-wigger.de\/wp-content\/uploads\/2025\/12\/RockCube-1536x864.jpg 1536w, https:\/\/bo-wigger.de\/wp-content\/uploads\/2025\/12\/RockCube-2048x1152.jpg 2048w, https:\/\/bo-wigger.de\/wp-content\/uploads\/2025\/12\/RockCube-800x450.jpg 800w\" sizes=\"(max-width: 800px) 100vw, 800px\" \/>\t\t\t\t\t\t\t\t\t\t\t<figcaption class=\"widget-image-caption wp-caption-text\">RockCube (Band) \t<\/figcaption>\n\t\t\t\t\t\t\t\t\t\t<\/figure>\n\t\t\t\t\t\t\t\t\t<\/div>\n\t\t\t\t\t<\/div>\n\t\t\t\t<\/div>\n\t\t\t\t<\/div>\n\t\t","protected":false},"excerpt":{"rendered":"<p>RockCube (Band) RockCube ist eine Band, die Mitte 2012 von Musikern aus Wipperf\u00fcrth und Umgebung gegr\u00fcndet wurde. Die meisten Musiker verf\u00fcgen \u00fcber jahrelange Auftrittserfahrung, unter anderem auch auf gro\u00dfen B\u00fchnen und im Ausland. Gepr\u00e4gt von der Rock \u00c4ra und Musikern wie Rolling Stones, Hendrix, Clapton, Small Faces usw. war von Anfang an klar, \u00fcberwiegend Classic [&hellip;]<\/p>\n","protected":false},"author":1,"featured_media":0,"parent":0,"menu_order":0,"comment_status":"closed","ping_status":"closed","template":"","meta":{"footnotes":""},"class_list":["post-2182","page","type-page","status-publish","hentry"],"_links":{"self":[{"href":"https:\/\/bo-wigger.de\/index.php\/wp-json\/wp\/v2\/pages\/2182","targetHints":{"allow":["GET"]}}],"collection":[{"href":"https:\/\/bo-wigger.de\/index.php\/wp-json\/wp\/v2\/pages"}],"about":[{"href":"https:\/\/bo-wigger.de\/index.php\/wp-json\/wp\/v2\/types\/page"}],"author":[{"embeddable":true,"href":"https:\/\/bo-wigger.de\/index.php\/wp-json\/wp\/v2\/users\/1"}],"replies":[{"embeddable":true,"href":"https:\/\/bo-wigger.de\/index.php\/wp-json\/wp\/v2\/comments?post=2182"}],"version-history":[{"count":11,"href":"https:\/\/bo-wigger.de\/index.php\/wp-json\/wp\/v2\/pages\/2182\/revisions"}],"predecessor-version":[{"id":2807,"href":"https:\/\/bo-wigger.de\/index.php\/wp-json\/wp\/v2\/pages\/2182\/revisions\/2807"}],"wp:attachment":[{"href":"https:\/\/bo-wigger.de\/index.php\/wp-json\/wp\/v2\/media?parent=2182"}],"curies":[{"name":"wp","href":"https:\/\/api.w.org\/{rel}","templated":true}]}}