{"id":2183,"date":"2025-12-16T06:54:21","date_gmt":"2025-12-16T05:54:21","guid":{"rendered":"http:\/\/bo-wigger.de\/?page_id=2183"},"modified":"2026-01-07T12:13:25","modified_gmt":"2026-01-07T11:13:25","slug":"varied-troup-repertoire","status":"publish","type":"page","link":"https:\/\/bo-wigger.de\/index.php\/varied-troup-repertoire\/","title":{"rendered":"Varied Troup &#8211; Repertoire"},"content":{"rendered":"\t\t<div data-elementor-type=\"wp-post\" data-elementor-id=\"2183\" class=\"elementor elementor-2183\">\n\t\t\t\t<div class=\"elementor-element elementor-element-64b8d84 e-flex e-con-boxed e-con e-parent\" data-id=\"64b8d84\" data-element_type=\"container\" data-e-type=\"container\">\n\t\t\t\t\t<div class=\"e-con-inner\">\n\t\t\t\t<div class=\"elementor-element elementor-element-e56a1a9 elementor-widget elementor-widget-text-editor\" data-id=\"e56a1a9\" data-element_type=\"widget\" data-e-type=\"widget\" data-widget_type=\"text-editor.default\">\n\t\t\t\t\t\t\t\t\t<p>Varied Troup (Band)<\/p>\t\t\t\t\t\t\t\t<\/div>\n\t\t\t\t\t<\/div>\n\t\t\t\t<\/div>\n\t\t<div class=\"elementor-element elementor-element-1a4b97b e-flex e-con-boxed e-con e-parent\" data-id=\"1a4b97b\" data-element_type=\"container\" data-e-type=\"container\">\n\t\t\t\t\t<div class=\"e-con-inner\">\n\t\t\t\t<div class=\"elementor-element elementor-element-94662b5 elementor-widget elementor-widget-text-editor\" data-id=\"94662b5\" data-element_type=\"widget\" data-e-type=\"widget\" data-widget_type=\"text-editor.default\">\n\t\t\t\t\t\t\t\t\t<p>(Blues &amp; Rock)<\/p>\t\t\t\t\t\t\t\t<\/div>\n\t\t\t\t\t<\/div>\n\t\t\t\t<\/div>\n\t\t<div class=\"elementor-element elementor-element-2e8e36c e-grid e-con-boxed e-con e-parent\" data-id=\"2e8e36c\" data-element_type=\"container\" data-e-type=\"container\">\n\t\t\t\t\t<div class=\"e-con-inner\">\n\t\t\t\t<div class=\"elementor-element elementor-element-284d045 elementor-widget elementor-widget-text-editor\" data-id=\"284d045\" data-element_type=\"widget\" data-e-type=\"widget\" data-widget_type=\"text-editor.default\">\n\t\t\t\t\t\t\t\t\t<p>Das Programm der Musiker ist vielf\u00e4ltig<br \/>Vom Blues und Jazz swingt es zu Rock und Pop<\/p><p>Musiker mit langj\u00e4hriger Auftrittserfahrung haben sich getroffen, um wieder ihre urspr\u00fcnglichen Musikrichtungen, Blues und Rock mit leichten Jazzeinfl\u00fcssen zu spielen. Zum Repertoire z\u00e4hlen Songs von Santana, Eric Clapton, Joe Bonamassa, Van Morisson, Jimi Hendrix, Joe Cocker, ZZ Top u.v.a.<\/p><p>Bo Wigger (Gitarre, Gesang, Mundharmonika)<br \/>Uli Pohl (Bass, Gesang)<br \/>Karl-Heinz Hagen (Schlagzeug, Gesang)<br \/>Eddy Teger (Keyboard)<\/p>\t\t\t\t\t\t\t\t<\/div>\n\t\t\t\t<div class=\"elementor-element elementor-element-9170d00 elementor-widget elementor-widget-image\" data-id=\"9170d00\" data-element_type=\"widget\" data-e-type=\"widget\" data-widget_type=\"image.default\">\n\t\t\t\t\t\t\t\t\t\t\t\t<figure class=\"wp-caption\">\n\t\t\t\t\t\t\t\t\t\t<img fetchpriority=\"high\" decoding=\"async\" width=\"260\" height=\"195\" src=\"https:\/\/bo-wigger.de\/wp-content\/uploads\/2025\/12\/280180244_147384141153004_4292699172673773115_n.jpg\" class=\"attachment-large size-large wp-image-416\" alt=\"\" \/>\t\t\t\t\t\t\t\t\t\t\t<figcaption class=\"widget-image-caption wp-caption-text\">Varied Troup (Band)<\/figcaption>\n\t\t\t\t\t\t\t\t\t\t<\/figure>\n\t\t\t\t\t\t\t\t\t<\/div>\n\t\t\t\t\t<\/div>\n\t\t\t\t<\/div>\n\t\t\t\t<\/div>\n\t\t","protected":false},"excerpt":{"rendered":"<p>Varied Troup (Band) (Blues &amp; Rock) Das Programm der Musiker ist vielf\u00e4ltigVom Blues und Jazz swingt es zu Rock und Pop Musiker mit langj\u00e4hriger Auftrittserfahrung haben sich getroffen, um wieder ihre urspr\u00fcnglichen Musikrichtungen, Blues und Rock mit leichten Jazzeinfl\u00fcssen zu spielen. Zum Repertoire z\u00e4hlen Songs von Santana, Eric Clapton, Joe Bonamassa, Van Morisson, Jimi Hendrix, [&hellip;]<\/p>\n","protected":false},"author":1,"featured_media":0,"parent":0,"menu_order":0,"comment_status":"closed","ping_status":"closed","template":"","meta":{"footnotes":""},"class_list":["post-2183","page","type-page","status-publish","hentry"],"_links":{"self":[{"href":"https:\/\/bo-wigger.de\/index.php\/wp-json\/wp\/v2\/pages\/2183","targetHints":{"allow":["GET"]}}],"collection":[{"href":"https:\/\/bo-wigger.de\/index.php\/wp-json\/wp\/v2\/pages"}],"about":[{"href":"https:\/\/bo-wigger.de\/index.php\/wp-json\/wp\/v2\/types\/page"}],"author":[{"embeddable":true,"href":"https:\/\/bo-wigger.de\/index.php\/wp-json\/wp\/v2\/users\/1"}],"replies":[{"embeddable":true,"href":"https:\/\/bo-wigger.de\/index.php\/wp-json\/wp\/v2\/comments?post=2183"}],"version-history":[{"count":31,"href":"https:\/\/bo-wigger.de\/index.php\/wp-json\/wp\/v2\/pages\/2183\/revisions"}],"predecessor-version":[{"id":3107,"href":"https:\/\/bo-wigger.de\/index.php\/wp-json\/wp\/v2\/pages\/2183\/revisions\/3107"}],"wp:attachment":[{"href":"https:\/\/bo-wigger.de\/index.php\/wp-json\/wp\/v2\/media?parent=2183"}],"curies":[{"name":"wp","href":"https:\/\/api.w.org\/{rel}","templated":true}]}}