{"id":2184,"date":"2025-12-16T07:20:46","date_gmt":"2025-12-16T06:20:46","guid":{"rendered":"http:\/\/bo-wigger.de\/?page_id=2184"},"modified":"2025-12-16T07:29:18","modified_gmt":"2025-12-16T06:29:18","slug":"bo-wigger-repertoire","status":"publish","type":"page","link":"https:\/\/bo-wigger.de\/index.php\/bo-wigger-repertoire\/","title":{"rendered":"Bo Wigger (Solo) &#8211; Repertoire"},"content":{"rendered":"\t\t<div data-elementor-type=\"wp-post\" data-elementor-id=\"2184\" class=\"elementor elementor-2184\">\n\t\t\t\t<div class=\"elementor-element elementor-element-64b8d84 e-flex e-con-boxed e-con e-parent\" data-id=\"64b8d84\" data-element_type=\"container\" data-e-type=\"container\">\n\t\t\t\t\t<div class=\"e-con-inner\">\n\t\t\t\t<div class=\"elementor-element elementor-element-e56a1a9 elementor-widget elementor-widget-text-editor\" data-id=\"e56a1a9\" data-element_type=\"widget\" data-e-type=\"widget\" data-widget_type=\"text-editor.default\">\n\t\t\t\t\t\t\t\t\t<p>Bo Wigger (Solo)<\/p>\t\t\t\t\t\t\t\t<\/div>\n\t\t\t\t\t<\/div>\n\t\t\t\t<\/div>\n\t\t<div class=\"elementor-element elementor-element-2e8e36c e-grid e-con-boxed e-con e-parent\" data-id=\"2e8e36c\" data-element_type=\"container\" data-e-type=\"container\">\n\t\t\t\t\t<div class=\"e-con-inner\">\n\t\t\t\t<div class=\"elementor-element elementor-element-284d045 elementor-widget elementor-widget-text-editor\" data-id=\"284d045\" data-element_type=\"widget\" data-e-type=\"widget\" data-widget_type=\"text-editor.default\">\n\t\t\t\t\t\t\t\t\t<p><span style=\"color: #0000ff; font-size: x-large;\">Es werden zwei etwas unterschiedliche Konzertschwerpunkte angeboten:<\/span><\/p><p><span style=\"color: #0000ff; font-size: x-large;\"><b>Programm 1: Singer\/Songwriter<\/b><\/span><\/p><p><span style=\"color: #0000ff; font-size: x-large;\">Songs der 60er\/70er Jahre von Bob Dylan, Neil Young, Cat Stevens, Leonard Cohen etc., ausgew\u00e4hlte Songs der Beatles, Rolling Stones etc., einige Bluessongs und auch eigene Songs. Dazu werden einige erkl\u00e4rende Anekdoten erz\u00e4hlt. Dieses Programm kann auch im Duo aufgef\u00fchrt werden. Es wird dann durch Perkussion erg\u00e4nzt.<\/span><\/p><p>\u00a0<\/p><p>\u00a0<\/p><p><span style=\"color: #0000ff; font-size: x-large;\"><b>Programm 2: Songs &amp; Lieder mit Klavier<\/b><\/span><\/p><p><span style=\"color: #0000ff; font-size: x-large;\">Bekannte englische und deutschsprachige Songs\/Lieder zum Mitsingen, Tanzen und Zuh\u00f6ren. Zu diesem Repertoire z\u00e4hlen St\u00fccke von Eric Clapton, Elton John, Neil Young, The Beatles, Procol Harum, BAP, M.M. Westernhagen etc.<\/span><\/p><p>\u00a0<\/p><p><b><span style=\"color: #0000ff; font-size: x-large;\">Programm 1 &amp; Programm 2<\/span><\/b><span style=\"color: #0000ff; font-size: x-large;\">\u00a0k\u00f6nnen auch miteinander kombiniert werden!<\/span><\/p><p>\u00a0<\/p><p><span style=\"color: #0000ff; font-size: x-large;\">(Burkhard Wigger: Gesang, Gitarren, Klavier, Mundharmonika)<\/span><span style=\"font-size: x-large;\"><br \/><\/span><\/p>\t\t\t\t\t\t\t\t<\/div>\n\t\t\t\t<div class=\"elementor-element elementor-element-8154839 elementor-widget elementor-widget-image\" data-id=\"8154839\" data-element_type=\"widget\" data-e-type=\"widget\" data-widget_type=\"image.default\">\n\t\t\t\t\t\t\t\t\t\t\t\t<figure class=\"wp-caption\">\n\t\t\t\t\t\t\t\t\t\t<img fetchpriority=\"high\" decoding=\"async\" width=\"800\" height=\"702\" src=\"https:\/\/bo-wigger.de\/wp-content\/uploads\/2025\/12\/P1000367-Info-Bo-Wigger-1024x899.jpg\" class=\"attachment-large size-large wp-image-453\" alt=\"ttt\" srcset=\"https:\/\/bo-wigger.de\/wp-content\/uploads\/2025\/12\/P1000367-Info-Bo-Wigger-1024x899.jpg 1024w, https:\/\/bo-wigger.de\/wp-content\/uploads\/2025\/12\/P1000367-Info-Bo-Wigger-300x263.jpg 300w, https:\/\/bo-wigger.de\/wp-content\/uploads\/2025\/12\/P1000367-Info-Bo-Wigger-768x674.jpg 768w, https:\/\/bo-wigger.de\/wp-content\/uploads\/2025\/12\/P1000367-Info-Bo-Wigger-1536x1348.jpg 1536w, https:\/\/bo-wigger.de\/wp-content\/uploads\/2025\/12\/P1000367-Info-Bo-Wigger-2048x1798.jpg 2048w\" sizes=\"(max-width: 800px) 100vw, 800px\" \/>\t\t\t\t\t\t\t\t\t\t\t<figcaption class=\"widget-image-caption wp-caption-text\">Bo Wigger (Solo) \t<\/figcaption>\n\t\t\t\t\t\t\t\t\t\t<\/figure>\n\t\t\t\t\t\t\t\t\t<\/div>\n\t\t\t\t\t<\/div>\n\t\t\t\t<\/div>\n\t\t\t\t<\/div>\n\t\t","protected":false},"excerpt":{"rendered":"<p>Bo Wigger (Solo) Es werden zwei etwas unterschiedliche Konzertschwerpunkte angeboten: Programm 1: Singer\/Songwriter Songs der 60er\/70er Jahre von Bob Dylan, Neil Young, Cat Stevens, Leonard Cohen etc., ausgew\u00e4hlte Songs der Beatles, Rolling Stones etc., einige Bluessongs und auch eigene Songs. Dazu werden einige erkl\u00e4rende Anekdoten erz\u00e4hlt. Dieses Programm kann auch im Duo aufgef\u00fchrt werden. Es [&hellip;]<\/p>\n","protected":false},"author":1,"featured_media":0,"parent":0,"menu_order":0,"comment_status":"closed","ping_status":"closed","template":"","meta":{"footnotes":""},"class_list":["post-2184","page","type-page","status-publish","hentry"],"_links":{"self":[{"href":"https:\/\/bo-wigger.de\/index.php\/wp-json\/wp\/v2\/pages\/2184","targetHints":{"allow":["GET"]}}],"collection":[{"href":"https:\/\/bo-wigger.de\/index.php\/wp-json\/wp\/v2\/pages"}],"about":[{"href":"https:\/\/bo-wigger.de\/index.php\/wp-json\/wp\/v2\/types\/page"}],"author":[{"embeddable":true,"href":"https:\/\/bo-wigger.de\/index.php\/wp-json\/wp\/v2\/users\/1"}],"replies":[{"embeddable":true,"href":"https:\/\/bo-wigger.de\/index.php\/wp-json\/wp\/v2\/comments?post=2184"}],"version-history":[{"count":5,"href":"https:\/\/bo-wigger.de\/index.php\/wp-json\/wp\/v2\/pages\/2184\/revisions"}],"predecessor-version":[{"id":2224,"href":"https:\/\/bo-wigger.de\/index.php\/wp-json\/wp\/v2\/pages\/2184\/revisions\/2224"}],"wp:attachment":[{"href":"https:\/\/bo-wigger.de\/index.php\/wp-json\/wp\/v2\/media?parent=2184"}],"curies":[{"name":"wp","href":"https:\/\/api.w.org\/{rel}","templated":true}]}}