{"id":547,"date":"2025-12-01T13:45:50","date_gmt":"2025-12-01T12:45:50","guid":{"rendered":"http:\/\/bo-wigger.de\/?page_id=547"},"modified":"2026-01-15T18:27:14","modified_gmt":"2026-01-15T17:27:14","slug":"diskografie","status":"publish","type":"page","link":"https:\/\/bo-wigger.de\/index.php\/diskografie\/","title":{"rendered":"Diskografie"},"content":{"rendered":"\t\t<div data-elementor-type=\"wp-post\" data-elementor-id=\"547\" class=\"elementor elementor-547\">\n\t\t\t\t<div class=\"elementor-element elementor-element-50d702c e-flex e-con-boxed e-con e-parent\" data-id=\"50d702c\" data-element_type=\"container\" data-e-type=\"container\">\n\t\t\t\t\t<div class=\"e-con-inner\">\n\t\t\t\t<div class=\"elementor-element elementor-element-457a15a elementor-widget elementor-widget-text-editor\" data-id=\"457a15a\" data-element_type=\"widget\" data-e-type=\"widget\" data-widget_type=\"text-editor.default\">\n\t\t\t\t\t\t\t\t\t<p>Diskografie<\/p>\t\t\t\t\t\t\t\t<\/div>\n\t\t\t\t\t<\/div>\n\t\t\t\t<\/div>\n\t\t\t\t<section class=\"elementor-section elementor-top-section elementor-element elementor-element-xzv1c7c elementor-section-boxed elementor-section-height-default elementor-section-height-default\" data-id=\"xzv1c7c\" data-element_type=\"section\" data-e-type=\"section\">\n\t\t\t\t\t\t<div class=\"elementor-container elementor-column-gap-default\">\n\t\t\t\t\t<div class=\"elementor-column elementor-col-100 elementor-top-column elementor-element elementor-element-1m6w5cw\" data-id=\"1m6w5cw\" data-element_type=\"column\" data-e-type=\"column\">\n\t\t\t<div class=\"elementor-widget-wrap elementor-element-populated\">\n\t\t\t\t\t\t<div class=\"elementor-element elementor-element-12ayfq6 elementor-widget elementor-widget-text-editor\" data-id=\"12ayfq6\" data-element_type=\"widget\" data-e-type=\"widget\" data-widget_type=\"text-editor.default\">\n\t\t\t\t\t\t\t\t\t<p><span style=\"color: #3366ff;\">1976 Single \u00b4Don\u00b4t forget your sorrow\u00b4 (Duo R&amp;B)<\/span><\/p><p><span style=\"color: #3366ff;\">2007 CD Shikara (Bo Wigger) <\/span><\/p><p><span style=\"color: #3366ff;\">Die Aufnahmen mit insgesamt 11 Titeln entstanden bereits im November 1987 in Montreal w\u00e4hrend meiner Weltreise. Sie erschienen damals auf einer Cassette. F\u00fcr lange Zeit gerieten sie in Vergessenheit oder kursierten als Undergroundtape.<br \/>Ich rettete sie dann ins neue Jahrtausend, denn 2000\/2001 wurden die Aufnahmen in einem K\u00f6lner Tonstudio digitalisiert. Nach genau 20 Jahren entschloss ich mich dann diese 10 Songs und das Instrumentalst\u00fcck auf einer CD zu ver\u00f6ffentlichen.<\/span><\/p><p><span style=\"color: #3366ff;\">Bei meinen Auftritten verkaufe ich die CD f\u00fcr 10 \u20ac und per Post f\u00fcr 12 \u20ac.<\/span><\/p><p align=\"left\"><span style=\"color: #3366ff;\">November 2007, Viele Gr\u00fc\u00dfe, Bo Wigger.<\/span><\/p>\t\t\t\t\t\t\t\t<\/div>\n\t\t\t\t\t<\/div>\n\t\t<\/div>\n\t\t\t\t\t<\/div>\n\t\t<\/section>\n\t\t<div class=\"elementor-element elementor-element-5b6c9f6 e-flex e-con-boxed e-con e-parent\" data-id=\"5b6c9f6\" data-element_type=\"container\" data-e-type=\"container\">\n\t\t\t\t\t<div class=\"e-con-inner\">\n\t\t<div class=\"elementor-element elementor-element-29c2837 e-con-full e-flex e-con e-child\" data-id=\"29c2837\" data-element_type=\"container\" data-e-type=\"container\">\n\t\t\t\t<div class=\"elementor-element elementor-element-3daf837 elementor-widget elementor-widget-image\" data-id=\"3daf837\" data-element_type=\"widget\" data-e-type=\"widget\" data-widget_type=\"image.default\">\n\t\t\t\t\t\t\t\t\t\t\t\t\t\t\t<img fetchpriority=\"high\" decoding=\"async\" width=\"353\" height=\"357\" src=\"https:\/\/bo-wigger.de\/wp-content\/uploads\/2025\/12\/Foto-CD-Shikara.jpg\" class=\"attachment-large size-large wp-image-440\" alt=\"\" srcset=\"https:\/\/bo-wigger.de\/wp-content\/uploads\/2025\/12\/Foto-CD-Shikara.jpg 353w, https:\/\/bo-wigger.de\/wp-content\/uploads\/2025\/12\/Foto-CD-Shikara-297x300.jpg 297w\" sizes=\"(max-width: 353px) 100vw, 353px\" \/>\t\t\t\t\t\t\t\t\t\t\t\t\t\t\t<\/div>\n\t\t\t\t<\/div>\n\t\t<div class=\"elementor-element elementor-element-d4c0a34 e-con-full e-flex e-con e-child\" data-id=\"d4c0a34\" data-element_type=\"container\" data-e-type=\"container\">\n\t\t\t\t<div class=\"elementor-element elementor-element-69c1800 elementor-widget elementor-widget-text-editor\" data-id=\"69c1800\" data-element_type=\"widget\" data-e-type=\"widget\" data-widget_type=\"text-editor.default\">\n\t\t\t\t\t\t\t\t\t<p><span style=\"color: #000000;\"><b><span style=\"font-family: Times New Roman, Times, serif; font-size: medium;\"><a href=\"https:\/\/bo-wigger.de\/wp-content\/uploads\/2026\/01\/Bo-Wigger-Fly-with-me.mp3\">1. Fly with me<\/a><br \/><a href=\"https:\/\/bo-wigger.de\/wp-content\/uploads\/2025\/12\/Bo%20Wigger%20-%20Goodby.mp3\" data-wplink-url-error=\"true\">2. Goodbye<\/a><br \/><a href=\"https:\/\/bo-wigger.de\/wp-content\/uploads\/2025\/12\/Bo%20Wigger%20-%20June.mp3\" data-wplink-url-error=\"true\">3. June<\/a><br \/><a href=\"https:\/\/bo-wigger.de\/wp-content\/uploads\/2025\/12\/Bo%20Wigger%20-%20Old%20man%27s%20philosophy.mp3\" data-wplink-url-error=\"true\">4. Old man&#8217;s philosophy<\/a><br \/><a href=\"https:\/\/bo-wigger.de\/wp-content\/uploads\/2025\/12\/Bo%20Wigger%20-%20Shikara.mp3\" data-wplink-url-error=\"true\">5. Shikara<\/a><br \/><a href=\"https:\/\/bo-wigger.de\/wp-content\/uploads\/2025\/12\/Bo%20Wigger%20-%20Tulum.mp3\" data-wplink-url-error=\"true\">6. Tulum<\/a><br \/><a href=\"https:\/\/bo-wigger.de\/wp-content\/uploads\/2025\/12\/Bo%20Wigger%20-%20Confusion.mp3\" data-wplink-url-error=\"true\">7. Confusion<\/a> <br \/><a href=\"https:\/\/bo-wigger.de\/wp-content\/uploads\/2025\/12\/Bo%20Wigger%20-%20Canadian%20river%20blues.mp3\" data-wplink-url-error=\"true\">8. Canadian river blues<\/a><br \/><a href=\"https:\/\/bo-wigger.de\/wp-content\/uploads\/2025\/12\/Bo%20Wigger%20-%20Tired.mp3\" data-wplink-url-error=\"true\">9. Tired<\/a><br \/><a href=\"https:\/\/bo-wigger.de\/wp-content\/uploads\/2025\/12\/Bo%20Wigger%20-%20Questions.mp3\" data-wplink-url-error=\"true\">10. Questions<\/a><br \/><a href=\"https:\/\/bo-wigger.de\/wp-content\/uploads\/2025\/12\/Bo%20Wigger%20-%20Memories.mp3\" data-wplink-url-error=\"true\">11. Memories<\/a><\/span><\/b><\/span><\/p><p><span style=\"color: #0000ff;\">Dieses Album kann in vollst\u00e4ndiger L\u00e4nge bei folgenden Streaming Plattformen angeh\u00f6rt werden:<\/span><\/p><p><span style=\"color: #0000ff;\">Spotify, Apple Music, Amazon, Deezer, Napster<\/span><\/p><p>\u00a0<\/p><p><a href=\"https:\/\/listen.music-hub.com\/9ClznJ\">http:\/\/listen.music.hub.com<\/a><\/p><p><a href=\"https:\/\/www.youtube.com\/playlist?list=OLAK5uy_mUWB1kZyCsHyEb_HXYBWUwEYsYuzKQVvc\">Auch bei YouTube<\/a><\/p><p>\u00a0<\/p><p><a href=\"https:\/\/bo-wigger.de\/index.php\/demosongs\/\" data-wplink-url-error=\"true\">Weitere\u00a0 Demosongs!<\/a><\/p>\t\t\t\t\t\t\t\t<\/div>\n\t\t\t\t<\/div>\n\t\t\t\t\t<\/div>\n\t\t\t\t<\/div>\n\t\t<div class=\"elementor-element elementor-element-2761f27 e-flex e-con-boxed e-con e-parent\" data-id=\"2761f27\" data-element_type=\"container\" data-e-type=\"container\">\n\t\t\t\t\t<div class=\"e-con-inner\">\n\t\t<div class=\"elementor-element elementor-element-526b5e5 e-con-full e-flex e-con e-child\" data-id=\"526b5e5\" data-element_type=\"container\" data-e-type=\"container\">\n\t\t\t\t<div class=\"elementor-element elementor-element-f32fb29 elementor-widget elementor-widget-image\" data-id=\"f32fb29\" data-element_type=\"widget\" data-e-type=\"widget\" data-widget_type=\"image.default\">\n\t\t\t\t\t\t\t\t\t\t\t\t\t\t\t<img decoding=\"async\" width=\"360\" height=\"360\" src=\"https:\/\/bo-wigger.de\/wp-content\/uploads\/2025\/12\/release_artwork_8596331f-2c41-4e3c-abfe-8b1efa7a2167_360x360.jpg\" class=\"attachment-large size-large wp-image-464\" alt=\"\" srcset=\"https:\/\/bo-wigger.de\/wp-content\/uploads\/2025\/12\/release_artwork_8596331f-2c41-4e3c-abfe-8b1efa7a2167_360x360.jpg 360w, https:\/\/bo-wigger.de\/wp-content\/uploads\/2025\/12\/release_artwork_8596331f-2c41-4e3c-abfe-8b1efa7a2167_360x360-300x300.jpg 300w, https:\/\/bo-wigger.de\/wp-content\/uploads\/2025\/12\/release_artwork_8596331f-2c41-4e3c-abfe-8b1efa7a2167_360x360-150x150.jpg 150w\" sizes=\"(max-width: 360px) 100vw, 360px\" \/>\t\t\t\t\t\t\t\t\t\t\t\t\t\t\t<\/div>\n\t\t\t\t<\/div>\n\t\t<div class=\"elementor-element elementor-element-8c03abf e-con-full e-flex e-con e-child\" data-id=\"8c03abf\" data-element_type=\"container\" data-e-type=\"container\">\n\t\t\t\t<div class=\"elementor-element elementor-element-8682f1e elementor-widget elementor-widget-text-editor\" data-id=\"8682f1e\" data-element_type=\"widget\" data-e-type=\"widget\" data-widget_type=\"text-editor.default\">\n\t\t\t\t\t\t\t\t\t<p>Die Single \u201aNoch nicht verloren\u2018!<\/p><p>Der Text des Songs handelt von den Eindr\u00fccken<br \/>w\u00e4hrend des Winters 2022\/2023.<br \/>Instrumente und Arrangement: Burkhard Wigger<br \/>Produziert von Burkhard Wigger<\/p><p>Ab 24.07.2023 auf Streaming Plattformen wie:\u00a0<br \/>Spotify, Apple Music, Amazone Music, usw<\/p><p>\u00a0<\/p><p><a href=\"https:\/\/listen.music-hub.com\/oH3k8T\">http:\/\/listen.music-hub.com<\/a><\/p><p><a href=\"https:\/\/youtu.be\/9PGi_DoTu2o?si=C3fuVNFDIQcluITu\">Auch bei YouTube<\/a><\/p>\t\t\t\t\t\t\t\t<\/div>\n\t\t\t\t<\/div>\n\t\t\t\t\t<\/div>\n\t\t\t\t<\/div>\n\t\t<div class=\"elementor-element elementor-element-8cce876 e-flex e-con-boxed e-con e-parent\" data-id=\"8cce876\" data-element_type=\"container\" data-e-type=\"container\">\n\t\t\t\t\t<div class=\"e-con-inner\">\n\t\t<div class=\"elementor-element elementor-element-a45664b e-con-full e-flex e-con e-child\" data-id=\"a45664b\" data-element_type=\"container\" data-e-type=\"container\">\n\t\t\t\t<div class=\"elementor-element elementor-element-32c5003 elementor-widget elementor-widget-image\" data-id=\"32c5003\" data-element_type=\"widget\" data-e-type=\"widget\" data-widget_type=\"image.default\">\n\t\t\t\t\t\t\t\t\t\t\t\t\t\t\t<img decoding=\"async\" width=\"360\" height=\"360\" src=\"https:\/\/bo-wigger.de\/wp-content\/uploads\/2025\/12\/Warum-willst-Du-schon-gehen.jpg\" class=\"attachment-large size-large wp-image-1913\" alt=\"\" srcset=\"https:\/\/bo-wigger.de\/wp-content\/uploads\/2025\/12\/Warum-willst-Du-schon-gehen.jpg 360w, https:\/\/bo-wigger.de\/wp-content\/uploads\/2025\/12\/Warum-willst-Du-schon-gehen-300x300.jpg 300w, https:\/\/bo-wigger.de\/wp-content\/uploads\/2025\/12\/Warum-willst-Du-schon-gehen-150x150.jpg 150w\" sizes=\"(max-width: 360px) 100vw, 360px\" \/>\t\t\t\t\t\t\t\t\t\t\t\t\t\t\t<\/div>\n\t\t\t\t<\/div>\n\t\t<div class=\"elementor-element elementor-element-f61048c e-con-full e-flex e-con e-child\" data-id=\"f61048c\" data-element_type=\"container\" data-e-type=\"container\">\n\t\t\t\t<div class=\"elementor-element elementor-element-095e9b9 elementor-widget elementor-widget-text-editor\" data-id=\"095e9b9\" data-element_type=\"widget\" data-e-type=\"widget\" data-widget_type=\"text-editor.default\">\n\t\t\t\t\t\t\t\t\t<p>Die aktuelle Single &#8218;Warum willst Du schon gehen&#8216;.<\/p>\n<p>Ein neuer Song \u00fcber die alten Zeiten, als es noch Musiksendungen wie Beat-Club gab.<\/p>\n<p>Instrumente und Arrangement: Burkhard Wigger<br>Produziert von Burkhard Wigger<\/p>\n<p>Ver\u00f6ffentlicht am 26. November 2025<\/p>\n<p>auf Streaming Platformen wie:&nbsp;<br>Spotify, Apple Music, Amazon Music, usw.<\/p><p><br><\/p>\n<p><a href=\"https:\/\/listen.music-hub.com\/hBJWAq\">https:\/\/listen.music-hub.com<\/a><\/p>\n<p><a href=\"https:\/\/youtu.be\/ve8XQudUe9I?si=NkV2BkMvtFWLL8xm\">Auch bei YouTube<\/a><\/p>\t\t\t\t\t\t\t\t<\/div>\n\t\t\t\t<\/div>\n\t\t\t\t\t<\/div>\n\t\t\t\t<\/div>\n\t\t\t\t<\/div>\n\t\t","protected":false},"excerpt":{"rendered":"<p>Diskografie 1976 Single \u00b4Don\u00b4t forget your sorrow\u00b4 (Duo R&amp;B) 2007 CD Shikara (Bo Wigger) Die Aufnahmen mit insgesamt 11 Titeln entstanden bereits im November 1987 in Montreal w\u00e4hrend meiner Weltreise. Sie erschienen damals auf einer Cassette. F\u00fcr lange Zeit gerieten sie in Vergessenheit oder kursierten als Undergroundtape.Ich rettete sie dann ins neue Jahrtausend, denn 2000\/2001 [&hellip;]<\/p>\n","protected":false},"author":1,"featured_media":0,"parent":0,"menu_order":0,"comment_status":"closed","ping_status":"closed","template":"","meta":{"footnotes":""},"class_list":["post-547","page","type-page","status-publish","hentry"],"_links":{"self":[{"href":"https:\/\/bo-wigger.de\/index.php\/wp-json\/wp\/v2\/pages\/547","targetHints":{"allow":["GET"]}}],"collection":[{"href":"https:\/\/bo-wigger.de\/index.php\/wp-json\/wp\/v2\/pages"}],"about":[{"href":"https:\/\/bo-wigger.de\/index.php\/wp-json\/wp\/v2\/types\/page"}],"author":[{"embeddable":true,"href":"https:\/\/bo-wigger.de\/index.php\/wp-json\/wp\/v2\/users\/1"}],"replies":[{"embeddable":true,"href":"https:\/\/bo-wigger.de\/index.php\/wp-json\/wp\/v2\/comments?post=547"}],"version-history":[{"count":172,"href":"https:\/\/bo-wigger.de\/index.php\/wp-json\/wp\/v2\/pages\/547\/revisions"}],"predecessor-version":[{"id":3414,"href":"https:\/\/bo-wigger.de\/index.php\/wp-json\/wp\/v2\/pages\/547\/revisions\/3414"}],"wp:attachment":[{"href":"https:\/\/bo-wigger.de\/index.php\/wp-json\/wp\/v2\/media?parent=547"}],"curies":[{"name":"wp","href":"https:\/\/api.w.org\/{rel}","templated":true}]}}