{"id":964,"date":"2025-12-04T18:52:09","date_gmt":"2025-12-04T17:52:09","guid":{"rendered":"http:\/\/bo-wigger.de\/?page_id=964"},"modified":"2026-01-13T04:29:53","modified_gmt":"2026-01-13T03:29:53","slug":"news","status":"publish","type":"page","link":"https:\/\/bo-wigger.de\/index.php\/news\/","title":{"rendered":"News"},"content":{"rendered":"\t\t<div data-elementor-type=\"wp-post\" data-elementor-id=\"964\" class=\"elementor elementor-964\">\n\t\t\t\t\t\t<section class=\"elementor-section elementor-top-section elementor-element elementor-element-xzv1c7c elementor-section-boxed elementor-section-height-default elementor-section-height-default\" data-id=\"xzv1c7c\" data-element_type=\"section\" data-e-type=\"section\">\n\t\t\t\t\t\t<div class=\"elementor-container elementor-column-gap-default\">\n\t\t\t\t\t<div class=\"elementor-column elementor-col-100 elementor-top-column elementor-element elementor-element-1m6w5cw\" data-id=\"1m6w5cw\" data-element_type=\"column\" data-e-type=\"column\" data-settings=\"{&quot;background_background&quot;:&quot;classic&quot;}\">\n\t\t\t<div class=\"elementor-widget-wrap elementor-element-populated\">\n\t\t\t\t\t\t<div class=\"elementor-element elementor-element-7af908d elementor-widget elementor-widget-text-editor\" data-id=\"7af908d\" data-element_type=\"widget\" data-e-type=\"widget\" data-widget_type=\"text-editor.default\">\n\t\t\t\t\t\t\t\t\t<p>News<\/p>\t\t\t\t\t\t\t\t<\/div>\n\t\t\t\t<div class=\"elementor-element elementor-element-04314dc elementor-widget__width-initial elementor-widget elementor-widget-text-editor\" data-id=\"04314dc\" data-element_type=\"widget\" data-e-type=\"widget\" data-widget_type=\"text-editor.default\">\n\t\t\t\t\t\t\t\t\t<p style=\"text-align: left;\"><strong><span style=\"color: #0000ff;\">Hallo Leute!<\/span><\/strong><\/p><p><strong><span style=\"color: #0000ff;\">\u00a0<\/span><\/strong><\/p><p><strong><span style=\"color: #0000ff;\">Jetzt haben wir schon 2026. Wie schnell sind doch die Jahre vergangen. Ich w\u00fcnsche Euch viel Gl\u00fcck und alles Gute.<\/span><\/strong><\/p><p><strong><span style=\"color: #0000ff;\">Solo-,Duo-und Bandauftritte gibt es wieder in diesem Jahr. Dabei wird neben Blues, Roadsongs und Oldies der Sound der Siebziger Jahre wiederbelebt. <\/span><\/strong><\/p><p>Es gibt auch wieder eine aktuelle Single \u201aWarum willst Du schon gehen\u2018.<\/p><p>Ein neuer Song \u00fcber die alten Zeiten, als es noch Musiksendungen wie Beat-Club gab.<\/p><p>Ver\u00f6ffentlicht am 26. November 2025<\/p><p>auf Streaming Platformen wie:\u00a0<br \/>Spotify, Apple Music, Amazon Music, usw.<\/p><p>\u00a0<\/p><p><a href=\"https:\/\/listen.music-hub.com\/hBJWAq\">https:\/\/listen.music-hub.com<\/a><\/p><p><a href=\"https:\/\/youtu.be\/ve8XQudUe9I?si=NkV2BkMvtFWLL8xm\">Auch bei YouTube<\/a><\/p><p><strong><span style=\"color: #0000ff;\">\u00a0<\/span><\/strong><\/p><p><strong><span style=\"color: #0000ff;\">Auch meine \u00e4lteren eigenen Songs, die ich damals w\u00e4hrend einer Weltreise in Montreal, Kanada aufgenommen habe, gibt es mittlerweile nicht nur auf CD!<\/span><\/strong><\/p><p><strong><span style=\"color: #0000ff;\">Dieses Album kann in vollst\u00e4ndiger L\u00e4nge bei folgenden Streaming Plattformen angeh\u00f6rt werden:<\/span><\/strong><\/p><p><strong><span style=\"color: #0000ff;\">\u00a0<\/span><\/strong><\/p><p><a href=\"https:\/\/listen.music-hub.com\/9ClznJ\"><strong><span style=\"color: #0000ff;\">http:\/\/listen.music-hub.com<\/span><\/strong><\/a><\/p><p><a href=\"https:\/\/www.youtube.com\/playlist?list=OLAK5uy_mUWB1kZyCsHyEb_HXYBWUwEYsYuzKQVvc\">Auch bei YouTube<\/a><\/p><p>\u00a0<\/p><p><strong><span style=\"color: #0000ff;\">Spotify, Apple Music, Amazon, Deezer, Napster<\/span><\/strong><\/p><p><strong><span style=\"color: #0000ff;\">\u00a0<\/span><\/strong><\/p><p><strong><span style=\"color: #0000ff;\">Viele Gr\u00fc\u00dfe Bo Wigger<\/span><\/strong><\/p>\t\t\t\t\t\t\t\t<\/div>\n\t\t\t\t<div class=\"elementor-element elementor-element-cc7f588 elementor-widget elementor-widget-image\" data-id=\"cc7f588\" data-element_type=\"widget\" data-e-type=\"widget\" data-widget_type=\"image.default\">\n\t\t\t\t\t\t\t\t\t\t\t\t\t\t\t<img fetchpriority=\"high\" decoding=\"async\" width=\"300\" height=\"306\" src=\"https:\/\/bo-wigger.de\/wp-content\/uploads\/2025\/12\/news1.jpg\" class=\"attachment-large size-large wp-image-452\" alt=\"\" srcset=\"https:\/\/bo-wigger.de\/wp-content\/uploads\/2025\/12\/news1.jpg 300w, https:\/\/bo-wigger.de\/wp-content\/uploads\/2025\/12\/news1-294x300.jpg 294w\" sizes=\"(max-width: 300px) 100vw, 300px\" \/>\t\t\t\t\t\t\t\t\t\t\t\t\t\t\t<\/div>\n\t\t\t\t\t<\/div>\n\t\t<\/div>\n\t\t\t\t\t<\/div>\n\t\t<\/section>\n\t\t\t\t<\/div>\n\t\t","protected":false},"excerpt":{"rendered":"<p>News Hallo Leute! \u00a0 Jetzt haben wir schon 2026. Wie schnell sind doch die Jahre vergangen. Ich w\u00fcnsche Euch viel Gl\u00fcck und alles Gute. Solo-,Duo-und Bandauftritte gibt es wieder in diesem Jahr. Dabei wird neben Blues, Roadsongs und Oldies der Sound der Siebziger Jahre wiederbelebt. Es gibt auch wieder eine aktuelle Single \u201aWarum willst Du [&hellip;]<\/p>\n","protected":false},"author":1,"featured_media":0,"parent":0,"menu_order":0,"comment_status":"closed","ping_status":"closed","template":"","meta":{"footnotes":""},"class_list":["post-964","page","type-page","status-publish","hentry"],"_links":{"self":[{"href":"https:\/\/bo-wigger.de\/index.php\/wp-json\/wp\/v2\/pages\/964","targetHints":{"allow":["GET"]}}],"collection":[{"href":"https:\/\/bo-wigger.de\/index.php\/wp-json\/wp\/v2\/pages"}],"about":[{"href":"https:\/\/bo-wigger.de\/index.php\/wp-json\/wp\/v2\/types\/page"}],"author":[{"embeddable":true,"href":"https:\/\/bo-wigger.de\/index.php\/wp-json\/wp\/v2\/users\/1"}],"replies":[{"embeddable":true,"href":"https:\/\/bo-wigger.de\/index.php\/wp-json\/wp\/v2\/comments?post=964"}],"version-history":[{"count":70,"href":"https:\/\/bo-wigger.de\/index.php\/wp-json\/wp\/v2\/pages\/964\/revisions"}],"predecessor-version":[{"id":3297,"href":"https:\/\/bo-wigger.de\/index.php\/wp-json\/wp\/v2\/pages\/964\/revisions\/3297"}],"wp:attachment":[{"href":"https:\/\/bo-wigger.de\/index.php\/wp-json\/wp\/v2\/media?parent=964"}],"curies":[{"name":"wp","href":"https:\/\/api.w.org\/{rel}","templated":true}]}}